{"id":888,"date":"2020-09-21T12:30:17","date_gmt":"2020-09-21T12:30:17","guid":{"rendered":"http:\/\/localhost\/wordpress\/?page_id=888"},"modified":"2020-09-22T12:08:21","modified_gmt":"2020-09-22T12:08:21","slug":"home","status":"publish","type":"page","link":"https:\/\/www.noclafilms.com\/","title":{"rendered":"La Empresa"},"content":{"rendered":"\n<p><strong>Nos movemos de un lado a otro y por el camino nos invaden im\u00e1genes y sonidos que se transforman en ilusiones, pasiones, en suspiros, en momentos que est\u00e1n por llegar y en otros que ya no volver\u00e1n. Noclafilms Producciones te ayuda a transformar tus proyectos en productos atractivos, diferentes, que lleguen al p\u00fablico consiguiendo motivar sensaciones.<\/strong>   <\/p>\n\n\n\n<p><\/p>\n\n\n\n<p><\/p>\n\n\n\n<p><\/p>\n","protected":false},"excerpt":{"rendered":"<p>Nos movemos de un lado a otro y por el camino nos invaden im\u00e1genes y sonidos que se transforman en ilusiones, pasiones, en suspiros, en momentos que est\u00e1n por llegar y en otros que ya no volver\u00e1n. Noclafilms Producciones te ayuda a transformar tus proyectos en productos atractivos, diferentes, que lleguen al p\u00fablico consiguiendo motivar&#8230;<\/p>\n","protected":false},"author":1,"featured_media":0,"parent":0,"menu_order":0,"comment_status":"closed","ping_status":"closed","template":"home-page.php","meta":{"pgc_sgb_lightbox_settings":""},"_links":{"self":[{"href":"https:\/\/www.noclafilms.com\/index.php?rest_route=\/wp\/v2\/pages\/888"}],"collection":[{"href":"https:\/\/www.noclafilms.com\/index.php?rest_route=\/wp\/v2\/pages"}],"about":[{"href":"https:\/\/www.noclafilms.com\/index.php?rest_route=\/wp\/v2\/types\/page"}],"author":[{"embeddable":true,"href":"https:\/\/www.noclafilms.com\/index.php?rest_route=\/wp\/v2\/users\/1"}],"replies":[{"embeddable":true,"href":"https:\/\/www.noclafilms.com\/index.php?rest_route=%2Fwp%2Fv2%2Fcomments&post=888"}],"version-history":[{"count":7,"href":"https:\/\/www.noclafilms.com\/index.php?rest_route=\/wp\/v2\/pages\/888\/revisions"}],"predecessor-version":[{"id":1077,"href":"https:\/\/www.noclafilms.com\/index.php?rest_route=\/wp\/v2\/pages\/888\/revisions\/1077"}],"wp:attachment":[{"href":"https:\/\/www.noclafilms.com\/index.php?rest_route=%2Fwp%2Fv2%2Fmedia&parent=888"}],"curies":[{"name":"wp","href":"https:\/\/api.w.org\/{rel}","templated":true}]}}